{"id":311,"date":"2026-02-06T21:14:20","date_gmt":"2026-02-06T19:14:20","guid":{"rendered":"https:\/\/xn--hrhelinen-07ae.fi\/?page_id=311"},"modified":"2026-02-18T16:00:07","modified_gmt":"2026-02-18T14:00:07","slug":"media","status":"publish","type":"page","link":"https:\/\/xn--hrhelinen-07ae.fi\/index.php\/media\/","title":{"rendered":"Media"},"content":{"rendered":"\n<div class=\"wp-block-group alignfull has-base-background-color has-background has-global-padding is-layout-constrained wp-container-core-group-is-layout-d89aad35 wp-block-group-is-layout-constrained\" style=\"margin-top:0;margin-bottom:0;padding-top:var(--wp--preset--spacing--50);padding-right:var(--wp--preset--spacing--50);padding-bottom:var(--wp--preset--spacing--50);padding-left:var(--wp--preset--spacing--50)\">\n<div class=\"wp-block-group alignfull has-global-padding is-layout-constrained wp-container-core-group-is-layout-669513ed wp-block-group-is-layout-constrained\" style=\"margin-top:0;margin-bottom:0;padding-top:var(--wp--preset--spacing--50);padding-right:var(--wp--preset--spacing--50);padding-bottom:var(--wp--preset--spacing--50);padding-left:var(--wp--preset--spacing--50)\">\n<div class=\"wp-block-group alignwide has-base-2-background-color has-background has-global-padding is-layout-constrained wp-container-core-group-is-layout-a151063b wp-block-group-is-layout-constrained\" style=\"border-radius:16px;padding-top:var(--wp--preset--spacing--50);padding-right:var(--wp--preset--spacing--40);padding-bottom:var(--wp--preset--spacing--50);padding-left:var(--wp--preset--spacing--40)\">\n<div class=\"wp-block-group alignwide is-vertical is-content-justification-stretch is-layout-flex wp-container-core-group-is-layout-353c4f5a wp-block-group-is-layout-flex\">\n<h2 class=\"wp-block-heading has-text-align-center\">Haastattelut &amp; kutsut<\/h2>\n\n\n\n<p class=\"has-text-align-center\" style=\"margin-top:var(--wp--preset--spacing--10);font-size:clamp(0.875rem, 0.875rem + ((1vw - 0.2rem) * 0.238), 1.125rem);\">Yhteydenotot horheloinendesign@gmail.com tai Instagram-viestill\u00e4<\/p>\n<\/div>\n\n\n\n<figure class=\"wp-block-image size-large is-style-rounded is-style-rounded--1\"><a href=\"https:\/\/holvi.com\/shop\/horheloinen\/product\/a820d0624b0772d854a0c7e78ee55764\/\" target=\"_blank\" rel=\"noopener\"><img loading=\"lazy\" decoding=\"async\" width=\"832\" height=\"1024\" src=\"https:\/\/xn--hrhelinen-07ae.fi\/wp-content\/uploads\/2026\/02\/IMG20260106132656-1-832x1024.jpg\" alt=\"Pastellis\u00e4vyinen Kuura-takki lumisessa Helsingiss\u00e4, Kampin vieress\u00e4. Lanka islantilaista villaa, Alafosslopia.\" class=\"wp-image-314\" srcset=\"https:\/\/xn--hrhelinen-07ae.fi\/wp-content\/uploads\/2026\/02\/IMG20260106132656-1-832x1024.jpg 832w, https:\/\/xn--hrhelinen-07ae.fi\/wp-content\/uploads\/2026\/02\/IMG20260106132656-1-244x300.jpg 244w, https:\/\/xn--hrhelinen-07ae.fi\/wp-content\/uploads\/2026\/02\/IMG20260106132656-1-768x945.jpg 768w, https:\/\/xn--hrhelinen-07ae.fi\/wp-content\/uploads\/2026\/02\/IMG20260106132656-1.jpg 1159w\" sizes=\"auto, (max-width: 832px) 100vw, 832px\" \/><\/a><figcaption class=\"wp-element-caption\">Kuura-takki<\/figcaption><\/figure>\n\n\n\n<div style=\"height:var(--wp--preset--spacing--30)\" aria-hidden=\"true\" class=\"wp-block-spacer\"><\/div>\n\n\n\n<div class=\"wp-block-columns alignwide is-layout-flex wp-container-core-columns-is-layout-06670bbc wp-block-columns-is-layout-flex\">\n<div class=\"wp-block-column is-layout-flow wp-block-column-is-layout-flow\" style=\"border-top-color:var(--wp--preset--color--contrast);border-top-width:2px;padding-top:var(--wp--preset--spacing--30);padding-right:var(--wp--preset--spacing--30);padding-bottom:var(--wp--preset--spacing--10);padding-left:var(--wp--preset--spacing--30)\">\n<h2 class=\"wp-block-heading has-text-align-center\">Haluaisitko H\u00f6rhel\u00f6iselt\u00e4 haastattelun?<\/h2>\n\n\n\n<div style=\"height:var(--wp--preset--spacing--10)\" aria-hidden=\"true\" class=\"wp-block-spacer\"><\/div>\n\n\n\n<div class=\"wp-block-group is-vertical is-content-justification-stretch is-layout-flex wp-container-core-group-is-layout-353c4f5a wp-block-group-is-layout-flex\">\n<p class=\"has-text-align-center\">Juttua riitt\u00e4\u00e4 neulomisen riemusta, neulesuunnittelusta tai vaikka el\u00e4m\u00e4st\u00e4 neulootikkona.<\/p>\n\n\n\n<hr class=\"wp-block-separator has-text-color has-contrast-3-color has-alpha-channel-opacity has-contrast-3-background-color has-background is-style-wide\"\/>\n\n\n\n<p class=\"has-text-align-center\">Lehdet, podcastit, vierailut, videot &#8211; saa heitt\u00e4\u00e4 ideoita!<\/p>\n\n\n\n<hr class=\"wp-block-separator has-text-color has-contrast-3-color has-alpha-channel-opacity has-contrast-3-background-color has-background is-style-wide\"\/>\n\n\n\n<p class=\"has-text-align-center\">Haastattelu voidaan toteuttaa my\u00f6s et\u00e4n\u00e4 tai s\u00e4hk\u00f6postitse.<\/p>\n<\/div>\n\n\n\n<div style=\"height:var(--wp--preset--spacing--10)\" aria-hidden=\"true\" class=\"wp-block-spacer\"><\/div>\n<\/div>\n\n\n\n<div class=\"wp-block-column is-layout-flow wp-block-column-is-layout-flow\" style=\"border-top-color:var(--wp--preset--color--contrast-3);border-top-width:1px;padding-top:var(--wp--preset--spacing--30);padding-right:var(--wp--preset--spacing--30);padding-bottom:var(--wp--preset--spacing--10);padding-left:var(--wp--preset--spacing--30)\">\n<h2 class=\"wp-block-heading has-text-align-center has-x-large-font-size\">Haluaisitko H\u00f6rhel\u00f6isen mukaan tapahtumaasi?<\/h2>\n\n\n\n<div style=\"height:var(--wp--preset--spacing--10)\" aria-hidden=\"true\" class=\"wp-block-spacer\"><\/div>\n\n\n\n<div class=\"wp-block-group is-vertical is-content-justification-stretch is-layout-flex wp-container-core-group-is-layout-353c4f5a wp-block-group-is-layout-flex\">\n<p class=\"has-text-align-center\">Osallistun mielell\u00e4ni kaikenlaisiin k\u00e4sity\u00f6aiheisiin ja muihin hyv\u00e4n mielen tapahtumiin! <\/p>\n\n\n\n<hr class=\"wp-block-separator has-text-color has-contrast-3-color has-alpha-channel-opacity has-contrast-3-background-color has-background is-style-wide\"\/>\n\n\n\n<p class=\"has-text-align-center\">On ilo tavata muita neulootikkoja ja p\u00e4\u00e4st\u00e4 puhumaan rakkaasta harrastuksestamme &lt;3<\/p>\n\n\n\n<hr class=\"wp-block-separator has-text-color has-contrast-3-color has-alpha-channel-opacity has-contrast-3-background-color has-background is-style-wide\"\/>\n\n\n\n<p class=\"has-text-align-center\">Kutsun ja tiedot tapahtumasta voi l\u00e4hett\u00e4\u00e4 s\u00e4hk\u00f6postitse tai Instagram-viestill\u00e4. <\/p>\n<\/div>\n\n\n\n<div style=\"height:var(--wp--preset--spacing--10)\" aria-hidden=\"true\" class=\"wp-block-spacer\"><\/div>\n<\/div>\n<\/div>\n<\/div>\n<\/div>\n<\/div>\n\n\n\n<div class=\"wp-block-group alignfull has-accent-5-background-color has-background has-global-padding is-layout-constrained wp-container-core-group-is-layout-d89aad35 wp-block-group-is-layout-constrained\" style=\"margin-top:0;margin-bottom:0;padding-top:var(--wp--preset--spacing--50);padding-right:var(--wp--preset--spacing--50);padding-bottom:var(--wp--preset--spacing--50);padding-left:var(--wp--preset--spacing--50)\">\n<div class=\"wp-block-columns alignwide is-layout-flex wp-container-core-columns-is-layout-1da03c2a wp-block-columns-is-layout-flex\">\n<div class=\"wp-block-column is-vertically-aligned-center is-layout-flow wp-block-column-is-layout-flow\" style=\"flex-basis:60%\">\n<figure class=\"wp-block-image size-large is-style-rounded is-style-rounded--2\"><img loading=\"lazy\" decoding=\"async\" width=\"768\" height=\"1024\" src=\"https:\/\/xn--hrhelinen-07ae.fi\/wp-content\/uploads\/2026\/02\/IMG20260208132346-768x1024.jpg\" alt=\"\" class=\"wp-image-374\" srcset=\"https:\/\/xn--hrhelinen-07ae.fi\/wp-content\/uploads\/2026\/02\/IMG20260208132346-768x1024.jpg 768w, https:\/\/xn--hrhelinen-07ae.fi\/wp-content\/uploads\/2026\/02\/IMG20260208132346-225x300.jpg 225w, https:\/\/xn--hrhelinen-07ae.fi\/wp-content\/uploads\/2026\/02\/IMG20260208132346-1152x1536.jpg 1152w, https:\/\/xn--hrhelinen-07ae.fi\/wp-content\/uploads\/2026\/02\/IMG20260208132346.jpg 1500w\" sizes=\"auto, (max-width: 768px) 100vw, 768px\" \/><figcaption class=\"wp-element-caption\">oplus_32<\/figcaption><\/figure>\n<\/div>\n\n\n\n<div class=\"wp-block-column is-layout-flow wp-block-column-is-layout-flow\" style=\"flex-basis:40%\">\n<h2 class=\"wp-block-heading\">J\u00e4tk\u00e4saari-Ruoholahti<\/h2>\n\n\n\n<p>Yritt\u00e4jyys neulesuunnittelijana <\/p>\n\n\n\n<p>Helmikuu 2026<\/p>\n\n\n\n<p>Linkki lehden s\u00e4hk\u00f6iseen versioon: <a href=\"https:\/\/www.ruoholahdensanomat.fi\/ruoholahdensanomat\/wp-content\/themes\/ruoholahdensanomat\/pdf\/nakoislehti\/2026\/JR0226.pdf\" target=\"_blank\" rel=\"noopener\">klik<\/a>!<\/p>\n<\/div>\n<\/div>\n<\/div>\n\n\n\n<div class=\"wp-block-group alignfull has-global-padding is-layout-constrained wp-container-core-group-is-layout-d89aad35 wp-block-group-is-layout-constrained\" style=\"margin-top:0;margin-bottom:0;padding-top:var(--wp--preset--spacing--50);padding-right:var(--wp--preset--spacing--50);padding-bottom:var(--wp--preset--spacing--50);padding-left:var(--wp--preset--spacing--50)\">\n<div class=\"wp-block-columns alignwide are-vertically-aligned-center is-layout-flex wp-container-core-columns-is-layout-47c06fe3 wp-block-columns-is-layout-flex\">\n<div class=\"wp-block-column is-vertically-aligned-center is-layout-flow wp-block-column-is-layout-flow\" style=\"flex-basis:50%\">\n<h2 class=\"wp-block-heading\">H\u00f6rhel\u00f6inen mediassa<\/h2>\n\n\n\n<p>Kivoja juttuja tulossa!<\/p>\n<\/div>\n\n\n\n<div class=\"wp-block-column is-vertically-aligned-center is-layout-flow wp-block-column-is-layout-flow\" style=\"flex-basis:50%\">\n<div class=\"wp-block-group has-global-padding is-layout-constrained wp-block-group-is-layout-constrained\">\n<figure class=\"wp-block-gallery has-nested-images columns-default is-cropped wp-block-gallery-4 is-layout-flex wp-block-gallery-is-layout-flex\">\n<figure class=\"wp-block-image size-full is-style-rounded is-style-rounded--3\"><a href=\"https:\/\/holvi.com\/shop\/horheloinen\/product\/a820d0624b0772d854a0c7e78ee55764\/\" target=\"_blank\" rel=\"noopener\"><img loading=\"lazy\" decoding=\"async\" width=\"1555\" height=\"2073\" data-id=\"318\" src=\"https:\/\/xn--hrhelinen-07ae.fi\/wp-content\/uploads\/2026\/02\/IMG20260126144909.jpg\" alt=\"\" class=\"wp-image-318\" style=\"object-fit:cover\" srcset=\"https:\/\/xn--hrhelinen-07ae.fi\/wp-content\/uploads\/2026\/02\/IMG20260126144909.jpg 1555w, https:\/\/xn--hrhelinen-07ae.fi\/wp-content\/uploads\/2026\/02\/IMG20260126144909-225x300.jpg 225w, https:\/\/xn--hrhelinen-07ae.fi\/wp-content\/uploads\/2026\/02\/IMG20260126144909-768x1024.jpg 768w, https:\/\/xn--hrhelinen-07ae.fi\/wp-content\/uploads\/2026\/02\/IMG20260126144909-1152x1536.jpg 1152w, https:\/\/xn--hrhelinen-07ae.fi\/wp-content\/uploads\/2026\/02\/IMG20260126144909-1536x2048.jpg 1536w\" sizes=\"auto, (max-width: 1555px) 100vw, 1555px\" \/><\/a><figcaption class=\"wp-element-caption\">Kuura-takki &amp; Suora-huivi<\/figcaption><\/figure>\n<\/figure>\n<\/div>\n<\/div>\n<\/div>\n<\/div>\n","protected":false},"excerpt":{"rendered":"<p>Haastattelut &amp; kutsut Yhteydenotot horheloinendesign@gmail.com tai Instagram-viestill\u00e4 Haluaisitko H\u00f6rhel\u00f6iselt\u00e4 haastattelun? Juttua riitt\u00e4\u00e4 neulomisen riemusta, neulesuunnittelusta tai vaikka el\u00e4m\u00e4st\u00e4 neulootikkona. Lehdet, podcastit, vierailut, videot &#8211; saa heitt\u00e4\u00e4 ideoita! Haastattelu voidaan toteuttaa my\u00f6s et\u00e4n\u00e4 tai s\u00e4hk\u00f6postitse. Haluaisitko H\u00f6rhel\u00f6isen mukaan tapahtumaasi? Osallistun mielell\u00e4ni kaikenlaisiin k\u00e4sity\u00f6aiheisiin ja muihin hyv\u00e4n mielen tapahtumiin! On ilo tavata muita neulootikkoja ja p\u00e4\u00e4st\u00e4 puhumaan [&hellip;]<\/p>\n","protected":false},"author":1,"featured_media":0,"parent":0,"menu_order":0,"comment_status":"closed","ping_status":"closed","template":"","meta":{"footnotes":""},"class_list":["post-311","page","type-page","status-publish","hentry"],"_links":{"self":[{"href":"https:\/\/xn--hrhelinen-07ae.fi\/index.php\/wp-json\/wp\/v2\/pages\/311","targetHints":{"allow":["GET"]}}],"collection":[{"href":"https:\/\/xn--hrhelinen-07ae.fi\/index.php\/wp-json\/wp\/v2\/pages"}],"about":[{"href":"https:\/\/xn--hrhelinen-07ae.fi\/index.php\/wp-json\/wp\/v2\/types\/page"}],"author":[{"embeddable":true,"href":"https:\/\/xn--hrhelinen-07ae.fi\/index.php\/wp-json\/wp\/v2\/users\/1"}],"replies":[{"embeddable":true,"href":"https:\/\/xn--hrhelinen-07ae.fi\/index.php\/wp-json\/wp\/v2\/comments?post=311"}],"version-history":[{"count":10,"href":"https:\/\/xn--hrhelinen-07ae.fi\/index.php\/wp-json\/wp\/v2\/pages\/311\/revisions"}],"predecessor-version":[{"id":376,"href":"https:\/\/xn--hrhelinen-07ae.fi\/index.php\/wp-json\/wp\/v2\/pages\/311\/revisions\/376"}],"wp:attachment":[{"href":"https:\/\/xn--hrhelinen-07ae.fi\/index.php\/wp-json\/wp\/v2\/media?parent=311"}],"curies":[{"name":"wp","href":"https:\/\/api.w.org\/{rel}","templated":true}]}}