{"id":427,"date":"2026-03-07T21:53:38","date_gmt":"2026-03-07T19:53:38","guid":{"rendered":"https:\/\/xn--hrhelinen-07ae.fi\/?page_id=427"},"modified":"2026-03-11T23:09:54","modified_gmt":"2026-03-11T21:09:54","slug":"etusivu","status":"publish","type":"page","link":"https:\/\/xn--hrhelinen-07ae.fi\/","title":{"rendered":"H\u00f6rhel\u00f6isen neule- ja virkkausunelmat"},"content":{"rendered":"\n<div class=\"wp-block-group alignfull has-global-padding is-layout-constrained wp-container-core-group-is-layout-490fa1db wp-block-group-is-layout-constrained\" style=\"padding-top:var(--wp--preset--spacing--50);padding-right:var(--wp--preset--spacing--50);padding-bottom:var(--wp--preset--spacing--50);padding-left:var(--wp--preset--spacing--50)\">\n<div class=\"wp-block-group has-global-padding is-layout-constrained wp-container-core-group-is-layout-650790e1 wp-block-group-is-layout-constrained\">\n<div style=\"height:1.25rem\" aria-hidden=\"true\" class=\"wp-block-spacer\"><\/div>\n\n\n\n<p class=\"has-text-align-center\">Ihania neule- ja virkkausohjeita sek\u00e4 aloittelijoille ett\u00e4 konkareille &lt;3<\/p>\n\n\n\n<p class=\"has-text-align-center\">Valikoimasta l\u00f6ytyy my\u00f6s <a href=\"https:\/\/holvi.com\/shop\/horheloinen\/section\/valmiit-neuleet\/\" target=\"_blank\" rel=\"noopener\">k\u00e4sinneulottuja pipoja ja tumppuja<\/a>, jotka H\u00f6rhel\u00f6inen valmistaa itse k\u00e4sity\u00f6n\u00e4 suomalaisesta, k\u00e4sinv\u00e4rj\u00e4tyst\u00e4 ahvenanmaanlampaan villasta.<\/p>\n\n\n\n<div style=\"height:1.25rem\" aria-hidden=\"true\" class=\"wp-block-spacer\"><\/div>\n<\/div>\n\n\n\n<figure class=\"wp-block-image alignwide size-full is-style-rounded is-style-rounded--1\"><a href=\"https:\/\/holvi.com\/shop\/horheloinen\/product\/fca75216dab3febfae95c6457ce844c9\/\" target=\"_blank\" rel=\"noopener\"><img loading=\"lazy\" decoding=\"async\" width=\"2332\" height=\"1749\" src=\"https:\/\/h\u00f6rhel\u00f6inen.fi\/wp-content\/uploads\/2025\/02\/IMG20250207141707-\u2013-kopio.jpg\" alt=\"\" class=\"wp-image-35\"\/><\/a><\/figure>\n<\/div>\n\n\n\n<div class=\"wp-block-group alignfull has-base-2-background-color has-background has-global-padding is-layout-constrained wp-container-core-group-is-layout-669513ed wp-block-group-is-layout-constrained\" style=\"margin-top:0;margin-bottom:0;padding-top:var(--wp--preset--spacing--50);padding-right:var(--wp--preset--spacing--50);padding-bottom:var(--wp--preset--spacing--50);padding-left:var(--wp--preset--spacing--50)\">\n<div class=\"wp-block-group is-vertical is-content-justification-center is-layout-flex wp-container-core-group-is-layout-52b864f0 wp-block-group-is-layout-flex\">\n<h2 class=\"wp-block-heading has-text-align-center is-style-asterisk\">H\u00f6rhel\u00f6isen maailma<\/h2>\n\n\n\n<div style=\"height:0px\" aria-hidden=\"true\" class=\"wp-block-spacer wp-container-content-4f2ccadb\"><\/div>\n\n\n\n<p class=\"has-text-align-center\">T\u00e4\u00e4ll\u00e4 voit seurata h\u00f6rhel\u00f6inti\u00e4:<\/p>\n<\/div>\n\n\n\n<div style=\"margin-top:0;margin-bottom:0;height:41px\" aria-hidden=\"true\" class=\"wp-block-spacer\"><\/div>\n\n\n\n<div class=\"wp-block-columns alignwide is-layout-flex wp-container-core-columns-is-layout-d0bbbce0 wp-block-columns-is-layout-flex\">\n<div class=\"wp-block-column is-layout-flow wp-container-core-column-is-layout-e3d1c41b wp-block-column-is-layout-flow\">\n<div class=\"wp-block-group has-global-padding is-layout-constrained wp-block-group-is-layout-constrained\">\n<h3 class=\"wp-block-heading has-text-align-left is-style-asterisk has-body-font-family has-medium-font-size\" style=\"font-style:normal;font-weight:600\">Instagram<\/h3>\n\n\n\n<p class=\"has-text-align-left\"><a href=\"https:\/\/www.instagram.com\/horheloinen\/\" target=\"_blank\" rel=\"noopener\">@horheloinen<\/a><\/p>\n<\/div>\n<\/div>\n\n\n\n<div class=\"wp-block-column is-layout-flow wp-container-core-column-is-layout-e3d1c41b wp-block-column-is-layout-flow\">\n<div class=\"wp-block-group has-global-padding is-layout-constrained wp-block-group-is-layout-constrained\">\n<h3 class=\"wp-block-heading has-text-align-left is-style-asterisk has-body-font-family has-medium-font-size\" style=\"font-style:normal;font-weight:600\">BlueSky<\/h3>\n\n\n\n<p class=\"has-text-align-left\"><a href=\"https:\/\/bsky.app\/profile\/horheloinen.bsky.social\" target=\"_blank\" rel=\"noopener\">@horheloinen.bsky.social<\/a><\/p>\n<\/div>\n<\/div>\n\n\n\n<div class=\"wp-block-column is-layout-flow wp-container-core-column-is-layout-e3d1c41b wp-block-column-is-layout-flow\">\n<div class=\"wp-block-group has-global-padding is-layout-constrained wp-block-group-is-layout-constrained\">\n<h3 class=\"wp-block-heading has-text-align-left is-style-asterisk has-body-font-family has-medium-font-size\" style=\"font-style:normal;font-weight:600\">Uutiskirje<\/h3>\n\n\n\n<p class=\"has-text-align-left\">Tulossa pian! <\/p>\n<\/div>\n<\/div>\n\n\n\n<div class=\"wp-block-column is-layout-flow wp-container-core-column-is-layout-e3d1c41b wp-block-column-is-layout-flow\">\n<div class=\"wp-block-group has-global-padding is-layout-constrained wp-block-group-is-layout-constrained\">\n<h3 class=\"wp-block-heading has-text-align-left is-style-asterisk has-body-font-family has-medium-font-size\" style=\"font-style:normal;font-weight:600\">Testineulojien s\u00e4hk\u00f6postilista<\/h3>\n\n\n\n<p>Tulossa pian! S\u00e4hk\u00f6postilista, jolle voivat liitty\u00e4 testineulonnasta kiinnostuneet.<\/p>\n<\/div>\n<\/div>\n<\/div>\n\n\n\n<figure class=\"wp-block-image aligncenter size-full is-resized is-style-rounded is-style-rounded--2\"><img loading=\"lazy\" decoding=\"async\" width=\"2894\" height=\"2831\" src=\"https:\/\/h\u00f6rhel\u00f6inen.fi\/wp-content\/uploads\/2025\/02\/IMG202410261414142-2.jpg\" alt=\"\" class=\"wp-image-69\" style=\"width:369px;height:auto\"\/><\/figure>\n<\/div>\n\n\n\n<div class=\"wp-block-group alignfull has-global-padding is-layout-constrained wp-container-core-group-is-layout-d89aad35 wp-block-group-is-layout-constrained\" style=\"margin-top:0;margin-bottom:0;padding-top:var(--wp--preset--spacing--50);padding-right:var(--wp--preset--spacing--50);padding-bottom:var(--wp--preset--spacing--50);padding-left:var(--wp--preset--spacing--50)\">\n<div class=\"wp-block-group alignwide has-global-padding is-layout-constrained wp-container-core-group-is-layout-19e250f3 wp-block-group-is-layout-constrained\">\n<div class=\"wp-block-group is-vertical is-content-justification-center is-layout-flex wp-container-core-group-is-layout-6329a8f3 wp-block-group-is-layout-flex\">\n<h2 class=\"wp-block-heading has-text-align-center is-style-asterisk\">Yhteisty\u00f6<\/h2>\n\n\n\n<p class=\"has-text-align-center\">Ihana lanka, upea kuosi tai mahtava idea? Tehd\u00e4\u00e4n siit\u00e4 totta &lt;3 Voit tilata H\u00f6rhel\u00f6iselt\u00e4 neule- tai virkkausohjeen yrityksellesi tai lehdellesi. Laita viesti\u00e4, niin jutellaan lis\u00e4\u00e4! H\u00f6rhel\u00f6isen tavoittaa s\u00e4hk\u00f6postitse osoitteesta horheloinendesign@gmail.com.<\/p>\n\n\n\n<p>Kirjoitin neuleohjeen tilaamisesta my\u00f6s <a href=\"https:\/\/xn--hrhelinen-07ae.fi\/index.php\/2026\/03\/08\/miten-neuleohjeen-voi-tilata\/\" data-type=\"post\" data-id=\"499\">blogipostauksen<\/a>.<\/p>\n<\/div>\n\n\n\n<div style=\"height:var(--wp--preset--spacing--40)\" aria-hidden=\"true\" class=\"wp-block-spacer\"><\/div>\n\n\n\n<div style=\"height:var(--wp--preset--spacing--40)\" aria-hidden=\"true\" class=\"wp-block-spacer\"><\/div>\n\n\n\n<div class=\"wp-block-columns alignwide is-layout-flex wp-container-core-columns-is-layout-d1c656ed wp-block-columns-is-layout-flex\">\n<div class=\"wp-block-column is-layout-flow wp-block-column-is-layout-flow\" style=\"flex-basis:50%\">\n<figure class=\"wp-block-image size-full is-style-rounded is-style-rounded--3\"><a href=\"https:\/\/holvi.com\/shop\/horheloinen\/product\/4a05c9a7448bd63198577aeb2f2d9db8\/\" target=\"_blank\" rel=\"noopener\"><img loading=\"lazy\" decoding=\"async\" width=\"2400\" height=\"1800\" src=\"https:\/\/h\u00f6rhel\u00f6inen.fi\/wp-content\/uploads\/2025\/02\/IMG20250105130113.jpg\" alt=\"\" class=\"wp-image-38\"\/><\/a><\/figure>\n<\/div>\n\n\n\n<div class=\"wp-block-column is-vertically-aligned-center is-layout-flow wp-block-column-is-layout-flow\" style=\"flex-basis:40%\">\n<h3 class=\"wp-block-heading is-style-asterisk\">Ohjeen tilaaminen<\/h3>\n\n\n\n<ul style=\"line-height:1.75\" class=\"wp-block-list is-style-checkmark-list\">\n<li>Villahousut, pitsitoppi, neuletakki vai ehk\u00e4 palmikkosukat?<\/li>\n\n\n\n<li>Kerro s\u00e4hk\u00f6postitse ideasi &#8211; toivomasi lanka, kuvio, malli, mit\u00e4 vain!<\/li>\n\n\n\n<li>Annan arvion aikataulusta ja sovitaan yksityiskohdista<\/li>\n\n\n\n<li>Hullutkin ideat ovat tervetulleita &lt;3<\/li>\n\n\n\n<li>Tilausohjeeseen kuuluu sen esittely H\u00f6rhel\u00f6isen kanavilla <\/li>\n<\/ul>\n<\/div>\n<\/div>\n<\/div>\n<\/div>\n\n\n\n<div class=\"wp-block-group alignfull has-accent-background-color has-background has-global-padding is-layout-constrained wp-container-core-group-is-layout-669513ed wp-block-group-is-layout-constrained\" style=\"margin-top:0;margin-bottom:0;padding-top:var(--wp--preset--spacing--50);padding-right:var(--wp--preset--spacing--50);padding-bottom:var(--wp--preset--spacing--50);padding-left:var(--wp--preset--spacing--50)\">\n<div class=\"wp-block-group is-vertical is-content-justification-center is-layout-flex wp-container-core-group-is-layout-52b864f0 wp-block-group-is-layout-flex\">\n<h2 class=\"wp-block-heading has-text-align-center is-style-asterisk\">Neule- ja virkkausohjeet<\/h2>\n\n\n\n<div style=\"height:0px\" aria-hidden=\"true\" class=\"wp-block-spacer wp-container-content-4f2ccadb\"><\/div>\n\n\n\n<div class=\"wp-block-group has-global-padding is-layout-constrained wp-block-group-is-layout-constrained\">\n<p class=\"has-text-align-center\">Suurin osa ohjeista l\u00f6ytyy H\u00f6rhel\u00f6isen omasta <a href=\"https:\/\/holvi.com\/shop\/horheloinen\/\" target=\"_blank\" rel=\"noopener\">verkkokaupasta<\/a>. Verkkiksest\u00e4 l\u00f6ytyy my\u00f6s <a href=\"https:\/\/holvi.com\/shop\/horheloinen\/section\/ilmaiset-ohjeet\/\" target=\"_blank\" rel=\"noopener\">ilmaisia ohjeita<\/a>! Kaikki ohjeet ovat suomenkielisi\u00e4 ja ne toimitetaan s\u00e4hk\u00f6postitse PDF-tiedostona.<\/p>\n<\/div>\n\n\n\n<p class=\"has-text-align-center\"><\/p>\n\n\n\n<h3 class=\"wp-block-heading has-text-align-center is-style-asterisk\">Yhteisty\u00f6kumppaneiden ohjeet<\/h3>\n\n\n\n<p class=\"has-text-align-center\">Osa ohjeista on saatavilla vain yhteisty\u00f6kumppaneiden kautta. Listaus kaikista ohjeista l\u00f6ytyy <a href=\"https:\/\/h\u00f6rhel\u00f6inen.fi\/index.php\/neuleohjeet\/\" data-type=\"page\" data-id=\"188\" target=\"_blank\" rel=\"noopener\">t\u00e4\u00e4lt\u00e4<\/a>.<\/p>\n<\/div>\n\n\n\n<div style=\"margin-top:0;margin-bottom:0;height:41px\" aria-hidden=\"true\" class=\"wp-block-spacer\"><\/div>\n\n\n\n<div class=\"wp-block-group alignwide is-content-justification-center is-nowrap is-layout-flex wp-container-core-group-is-layout-23441af8 wp-block-group-is-layout-flex\">\n<div class=\"wp-block-group is-nowrap is-layout-flex wp-container-core-group-is-layout-6c531013 wp-block-group-is-layout-flex\">\n<figure class=\"wp-block-image size-large is-style-rounded is-style-rounded--4\"><a href=\"https:\/\/holvi.com\/shop\/horheloinen\/product\/fa671d2116c4553d1f13a5f0372fefc6\/\" target=\"_blank\" rel=\"noopener\"><img loading=\"lazy\" decoding=\"async\" width=\"768\" height=\"1024\" src=\"https:\/\/h\u00f6rhel\u00f6inen.fi\/wp-content\/uploads\/2025\/02\/IMG20250428130343-768x1024.jpg\" alt=\"\" class=\"wp-image-203\" srcset=\"https:\/\/xn--hrhelinen-07ae.fi\/wp-content\/uploads\/2025\/02\/IMG20250428130343-768x1024.jpg 768w, https:\/\/xn--hrhelinen-07ae.fi\/wp-content\/uploads\/2025\/02\/IMG20250428130343-225x300.jpg 225w, https:\/\/xn--hrhelinen-07ae.fi\/wp-content\/uploads\/2025\/02\/IMG20250428130343-1152x1536.jpg 1152w, https:\/\/xn--hrhelinen-07ae.fi\/wp-content\/uploads\/2025\/02\/IMG20250428130343-1536x2048.jpg 1536w, https:\/\/xn--hrhelinen-07ae.fi\/wp-content\/uploads\/2025\/02\/IMG20250428130343.jpg 1728w\" sizes=\"auto, (max-width: 768px) 100vw, 768px\" \/><\/a><figcaption class=\"wp-element-caption\"><a href=\"https:\/\/holvi.com\/shop\/horheloinen\/product\/fa671d2116c4553d1f13a5f0372fefc6\/\" target=\"_blank\" rel=\"noopener\">Pilke-toppi<\/a><\/figcaption><\/figure>\n<\/div>\n<\/div>\n\n\n\n<p><\/p>\n<\/div>\n\n\n\n<div class=\"wp-block-group alignfull has-global-padding is-layout-constrained wp-container-core-group-is-layout-d89aad35 wp-block-group-is-layout-constrained\" style=\"margin-top:0;margin-bottom:0;padding-top:var(--wp--preset--spacing--50);padding-right:var(--wp--preset--spacing--50);padding-bottom:var(--wp--preset--spacing--50);padding-left:var(--wp--preset--spacing--50)\">\n<div class=\"wp-block-group alignwide has-base-2-background-color has-background has-global-padding is-content-justification-center is-layout-constrained wp-container-core-group-is-layout-a01372f6 wp-block-group-is-layout-constrained\" style=\"border-radius:16px;padding-top:var(--wp--preset--spacing--40);padding-right:var(--wp--preset--spacing--50);padding-bottom:var(--wp--preset--spacing--40);padding-left:var(--wp--preset--spacing--50)\">\n<div style=\"height:var(--wp--preset--spacing--10)\" aria-hidden=\"true\" class=\"wp-block-spacer\"><\/div>\n\n\n\n<h2 class=\"wp-block-heading has-text-align-center has-x-large-font-size\">H\u00f6rhel\u00f6isest\u00e4<\/h2>\n\n\n\n<p class=\"has-text-align-center\">H\u00f6rhel\u00f6isen neuleohjeet ovat v\u00e4ri-iloittelua ja rakkautta neulomiseen &lt;3 Joskus my\u00f6s virkataan!<\/p>\n\n\n\n<p class=\"has-text-align-center\">H\u00f6rhel\u00f6isen takana puuhastelee Iida Laur\u00e9n, Helsingiss\u00e4 asuva tutkija ja neulootikko, joka suunnittelee ihania neuleita rakkaudesta v\u00e4reihin ja pintoihin. H\u00f6rhel\u00f6isen tarina alkoi syksyll\u00e4 2024, kun ensimm\u00e4iset ohjeet julkaistiin. Matkan varrella yhteis\u00f6 on kasvanut ja ohjeita l\u00f6ytyy jo vino pino!<\/p>\n\n\n\n<p class=\"has-text-align-center\">Teen neuleohjeita tilauksesta my\u00f6s lehdille ja muille yrityksille.<\/p>\n\n\n\n<div style=\"height:16px\" aria-hidden=\"true\" class=\"wp-block-spacer\"><\/div>\n\n\n\n<figure class=\"wp-block-image aligncenter size-full is-style-rounded is-style-rounded--5\"><img loading=\"lazy\" decoding=\"async\" width=\"1653\" height=\"2197\" src=\"https:\/\/h\u00f6rhel\u00f6inen.fi\/wp-content\/uploads\/2025\/02\/IMG20240822103557-\u2013-kopio.jpg\" alt=\"\" class=\"wp-image-50\"\/><\/figure>\n<\/div>\n<\/div>\n\n\n\n<div class=\"wp-block-group alignfull has-global-padding is-layout-constrained wp-container-core-group-is-layout-d89aad35 wp-block-group-is-layout-constrained\" style=\"margin-top:0;margin-bottom:0;padding-top:var(--wp--preset--spacing--50);padding-right:var(--wp--preset--spacing--50);padding-bottom:var(--wp--preset--spacing--50);padding-left:var(--wp--preset--spacing--50)\">\n<h2 class=\"wp-block-heading alignwide has-text-align-center has-x-large-font-size\" style=\"margin-top:0;margin-bottom:var(--wp--preset--spacing--40);line-height:1\">Yhteystiedot<\/h2>\n\n\n\n<div class=\"wp-block-group alignwide has-global-padding is-layout-constrained wp-block-group-is-layout-constrained\">\n<div class=\"wp-block-query alignwide is-layout-flow wp-block-query-is-layout-flow\">\n<div class=\"wp-block-group is-content-justification-center is-nowrap is-layout-flex wp-container-core-group-is-layout-23441af8 wp-block-group-is-layout-flex\">\n<div class=\"wp-block-group is-vertical is-layout-flex wp-container-core-group-is-layout-fe9cc265 wp-block-group-is-layout-flex\">\n<div class=\"wp-block-group has-global-padding is-layout-constrained wp-block-group-is-layout-constrained\">\n<p>s\u00e4hk\u00f6posti horheloinendesign@gmail.com<\/p>\n\n\n\n<p>Y-tunnus 3204727-6<\/p>\n\n\n\n<p>Voit my\u00f6s l\u00e4hett\u00e4\u00e4 viesti\u00e4 Instagramissa tai BlueSkyssa!<\/p>\n<\/div>\n<\/div>\n\n\n\n<figure class=\"wp-block-image aligncenter size-full is-resized is-style-rounded is-style-rounded--6\"><a href=\"https:\/\/holvi.com\/shop\/horheloinen\/product\/caed704d94db068e7984188231fcbbfc\/\" target=\"_blank\" rel=\"noopener\"><img loading=\"lazy\" decoding=\"async\" width=\"1693\" height=\"2257\" src=\"https:\/\/h\u00f6rhel\u00f6inen.fi\/wp-content\/uploads\/2025\/02\/IMG20250105125037-1.jpg\" alt=\"\" class=\"wp-image-87\" style=\"width:346px;height:auto\"\/><\/a><\/figure>\n<\/div>\n<\/div>\n<\/div>\n<\/div>\n\n\n\n<div class=\"wp-block-group alignfull has-global-padding is-layout-constrained wp-container-core-group-is-layout-b25ccd55 wp-block-group-is-layout-constrained\" style=\"margin-top:0;margin-bottom:0;padding-top:var(--wp--preset--spacing--50);padding-right:var(--wp--preset--spacing--50);padding-bottom:var(--wp--preset--spacing--50);padding-left:var(--wp--preset--spacing--50)\">\n<div class=\"wp-block-columns alignwide is-layout-flex wp-container-core-columns-is-layout-ff4b9c61 wp-block-columns-is-layout-flex\" style=\"margin-top:0;margin-bottom:0\">\n<div class=\"wp-block-column is-layout-flow wp-container-core-column-is-layout-8a368f38 wp-block-column-is-layout-flow\">\n<figure class=\"wp-block-image size-full is-style-rounded is-style-rounded--7\"><a href=\"https:\/\/holvi.com\/shop\/horheloinen\/product\/e650f58b71f0b13492ef99439161dc3f\/\" target=\"_blank\" rel=\"noopener\"><img loading=\"lazy\" decoding=\"async\" width=\"1600\" height=\"1200\" src=\"https:\/\/h\u00f6rhel\u00f6inen.fi\/wp-content\/uploads\/2025\/02\/IMG20250206095820.jpg\" alt=\"\" class=\"wp-image-104\" style=\"aspect-ratio:4\/3;object-fit:cover\"\/><\/a><\/figure>\n\n\n\n<div style=\"height:var(--wp--preset--spacing--50)\" aria-hidden=\"true\" class=\"wp-block-spacer\"><\/div>\n\n\n\n<figure class=\"wp-block-image size-full is-style-rounded is-style-rounded--8\"><a href=\"https:\/\/holvi.com\/shop\/horheloinen\/product\/6bc86bfde8a2a625f8fc653f89fd70ec\/\" target=\"_blank\" rel=\"noopener\"><img loading=\"lazy\" decoding=\"async\" width=\"2419\" height=\"3225\" src=\"https:\/\/h\u00f6rhel\u00f6inen.fi\/wp-content\/uploads\/2025\/02\/IMG20241214121145.jpg\" alt=\"\" class=\"wp-image-102\" style=\"aspect-ratio:3\/4;object-fit:cover\"\/><\/a><\/figure>\n\n\n\n<div style=\"height:var(--wp--preset--spacing--50)\" aria-hidden=\"true\" class=\"wp-block-spacer\"><\/div>\n\n\n\n<figure class=\"wp-block-image size-full is-style-rounded is-style-rounded--9\"><a href=\"https:\/\/holvi.com\/shop\/horheloinen\/product\/5bd3fd5adb811a0e699ecbff32a6d56a\/\" target=\"_blank\" rel=\"noopener\"><img loading=\"lazy\" decoding=\"async\" width=\"1382\" height=\"1843\" src=\"https:\/\/h\u00f6rhel\u00f6inen.fi\/wp-content\/uploads\/2025\/02\/kansi8.jpg\" alt=\"\" class=\"wp-image-103\" style=\"aspect-ratio:3\/4;object-fit:cover\"\/><\/a><\/figure>\n<\/div>\n\n\n\n<div class=\"wp-block-column is-layout-flow wp-container-core-column-is-layout-8a368f38 wp-block-column-is-layout-flow\">\n<div style=\"height:var(--wp--preset--spacing--50)\" aria-hidden=\"true\" class=\"wp-block-spacer\"><\/div>\n\n\n\n<figure class=\"wp-block-image size-full is-style-rounded is-style-rounded--10\"><a href=\"https:\/\/holvi.com\/shop\/horheloinen\/product\/4a05c9a7448bd63198577aeb2f2d9db8\/\" target=\"_blank\" rel=\"noopener\"><img loading=\"lazy\" decoding=\"async\" width=\"1382\" height=\"1843\" src=\"https:\/\/h\u00f6rhel\u00f6inen.fi\/wp-content\/uploads\/2025\/02\/IMG20250112125830-1.jpg\" alt=\"\" class=\"wp-image-97\" style=\"aspect-ratio:3\/4;object-fit:cover\"\/><\/a><\/figure>\n\n\n\n<div style=\"height:var(--wp--preset--spacing--50)\" aria-hidden=\"true\" class=\"wp-block-spacer\"><\/div>\n\n\n\n<figure class=\"wp-block-image size-full is-style-rounded is-style-rounded--11\"><a href=\"https:\/\/holvi.com\/shop\/horheloinen\/product\/f982e98af2d9d4078c3c4e2e2e8ab0a0\/\" target=\"_blank\" rel=\"noopener\"><img loading=\"lazy\" decoding=\"async\" width=\"1382\" height=\"1843\" src=\"https:\/\/h\u00f6rhel\u00f6inen.fi\/wp-content\/uploads\/2025\/02\/IMG20240826161933.jpg\" alt=\"\" class=\"wp-image-99\" style=\"aspect-ratio:1;object-fit:cover\"\/><\/a><\/figure>\n\n\n\n<div style=\"height:var(--wp--preset--spacing--50)\" aria-hidden=\"true\" class=\"wp-block-spacer\"><\/div>\n\n\n\n<figure class=\"wp-block-image size-full is-style-rounded is-style-rounded--12\"><a href=\"https:\/\/holvi.com\/shop\/horheloinen\/product\/08d95084467c918be57ae5abf98f8d98\/\" target=\"_blank\" rel=\"noopener\"><img loading=\"lazy\" decoding=\"async\" width=\"1382\" height=\"1557\" src=\"https:\/\/h\u00f6rhel\u00f6inen.fi\/wp-content\/uploads\/2025\/02\/IMG202411221123512-1.jpg\" alt=\"\" class=\"wp-image-73\" style=\"aspect-ratio:1;object-fit:cover\"\/><\/a><\/figure>\n<\/div>\n\n\n\n<div class=\"wp-block-column is-layout-flow wp-container-core-column-is-layout-8a368f38 wp-block-column-is-layout-flow\">\n<figure class=\"wp-block-image size-full is-style-rounded is-style-rounded--13\"><a href=\"https:\/\/holvi.com\/shop\/horheloinen\/product\/bf89312eec50b7baa9ddbc256b0d5799\/\" target=\"_blank\" rel=\"noopener\"><img loading=\"lazy\" decoding=\"async\" width=\"1890\" height=\"2520\" src=\"https:\/\/h\u00f6rhel\u00f6inen.fi\/wp-content\/uploads\/2025\/02\/IMG20241116155706.jpg\" alt=\"\" class=\"wp-image-98\" style=\"aspect-ratio:3\/4;object-fit:cover\"\/><\/a><\/figure>\n\n\n\n<div style=\"height:var(--wp--preset--spacing--50)\" aria-hidden=\"true\" class=\"wp-block-spacer\"><\/div>\n\n\n\n<figure class=\"wp-block-image size-full is-style-rounded is-style-rounded--14\"><a href=\"https:\/\/holvi.com\/shop\/horheloinen\/product\/a4678425b923576265d7fb93ae420602\/\" target=\"_blank\" rel=\"noopener\"><img loading=\"lazy\" decoding=\"async\" width=\"1382\" height=\"1843\" src=\"https:\/\/h\u00f6rhel\u00f6inen.fi\/wp-content\/uploads\/2025\/02\/IMG20240928115125.jpg\" alt=\"\" class=\"wp-image-105\" style=\"aspect-ratio:3\/4;object-fit:cover\"\/><\/a><\/figure>\n\n\n\n<div style=\"height:var(--wp--preset--spacing--50)\" aria-hidden=\"true\" class=\"wp-block-spacer\"><\/div>\n\n\n\n<figure class=\"wp-block-image size-full is-style-rounded is-style-rounded--15\"><a href=\"https:\/\/holvi.com\/shop\/horheloinen\/product\/94e5be76ca42e5e1ba49e61f192cb8e7\/\" target=\"_blank\" rel=\"noopener\"><img loading=\"lazy\" decoding=\"async\" width=\"1200\" height=\"1600\" src=\"https:\/\/h\u00f6rhel\u00f6inen.fi\/wp-content\/uploads\/2025\/02\/IMG20241005105234-2.jpg\" alt=\"\" class=\"wp-image-106\" style=\"aspect-ratio:16\/9;object-fit:cover\"\/><\/a><\/figure>\n<\/div>\n<\/div>\n<\/div>\n","protected":false},"excerpt":{"rendered":"<p>Ihania neule- ja virkkausohjeita sek\u00e4 aloittelijoille ett\u00e4 konkareille &lt;3 Valikoimasta l\u00f6ytyy my\u00f6s k\u00e4sinneulottuja pipoja ja tumppuja, jotka H\u00f6rhel\u00f6inen valmistaa itse k\u00e4sity\u00f6n\u00e4 suomalaisesta, k\u00e4sinv\u00e4rj\u00e4tyst\u00e4 ahvenanmaanlampaan villasta. H\u00f6rhel\u00f6isen maailma T\u00e4\u00e4ll\u00e4 voit seurata h\u00f6rhel\u00f6inti\u00e4: Instagram @horheloinen BlueSky @horheloinen.bsky.social Uutiskirje Tulossa pian! Testineulojien s\u00e4hk\u00f6postilista Tulossa pian! S\u00e4hk\u00f6postilista, jolle voivat liitty\u00e4 testineulonnasta kiinnostuneet. Yhteisty\u00f6 Ihana lanka, upea kuosi tai mahtava [&hellip;]<\/p>\n","protected":false},"author":1,"featured_media":0,"parent":0,"menu_order":0,"comment_status":"closed","ping_status":"closed","template":"","meta":{"footnotes":""},"class_list":["post-427","page","type-page","status-publish","hentry"],"_links":{"self":[{"href":"https:\/\/xn--hrhelinen-07ae.fi\/index.php\/wp-json\/wp\/v2\/pages\/427","targetHints":{"allow":["GET"]}}],"collection":[{"href":"https:\/\/xn--hrhelinen-07ae.fi\/index.php\/wp-json\/wp\/v2\/pages"}],"about":[{"href":"https:\/\/xn--hrhelinen-07ae.fi\/index.php\/wp-json\/wp\/v2\/types\/page"}],"author":[{"embeddable":true,"href":"https:\/\/xn--hrhelinen-07ae.fi\/index.php\/wp-json\/wp\/v2\/users\/1"}],"replies":[{"embeddable":true,"href":"https:\/\/xn--hrhelinen-07ae.fi\/index.php\/wp-json\/wp\/v2\/comments?post=427"}],"version-history":[{"count":3,"href":"https:\/\/xn--hrhelinen-07ae.fi\/index.php\/wp-json\/wp\/v2\/pages\/427\/revisions"}],"predecessor-version":[{"id":532,"href":"https:\/\/xn--hrhelinen-07ae.fi\/index.php\/wp-json\/wp\/v2\/pages\/427\/revisions\/532"}],"wp:attachment":[{"href":"https:\/\/xn--hrhelinen-07ae.fi\/index.php\/wp-json\/wp\/v2\/media?parent=427"}],"curies":[{"name":"wp","href":"https:\/\/api.w.org\/{rel}","templated":true}]}}